{"id":218,"date":"2015-05-26T21:17:39","date_gmt":"2015-05-26T19:17:39","guid":{"rendered":"http:\/\/womenstales.com\/?page_id=218"},"modified":"2017-03-22T10:32:18","modified_gmt":"2017-03-22T09:32:18","slug":"maria-casado-villanueva","status":"publish","type":"page","link":"https:\/\/womenstales.com\/?page_id=218","title":{"rendered":"Maria Casado-Villanueva"},"content":{"rendered":"<p>[et_pb_section background_image=&#8221;http:\/\/womenstales.com\/wp-content\/uploads\/2015\/05\/J029PP7U7I_peq1.jpg&#8221; transparent_background=&#8221;off&#8221; allow_player_pause=&#8221;off&#8221; inner_shadow=&#8221;off&#8221; parallax=&#8221;off&#8221; parallax_method=&#8221;off&#8221; padding_mobile=&#8221;off&#8221; make_fullwidth=&#8221;off&#8221; use_custom_width=&#8221;off&#8221; width_unit=&#8221;on&#8221; custom_width_px=&#8221;1080px&#8221; custom_width_percent=&#8221;80%&#8221; make_equal=&#8221;off&#8221; use_custom_gutter=&#8221;off&#8221; fullwidth=&#8221;off&#8221; specialty=&#8221;on&#8221; parallax_1=&#8221;off&#8221; parallax_2=&#8221;off&#8221; parallax_method_1=&#8221;off&#8221; parallax_method_2=&#8221;off&#8221; admin_label=&#8221;Section&#8221; disabled=&#8221;off&#8221;][et_pb_column type=&#8221;1_4&#8243; disabled=&#8221;off&#8221; parallax=&#8221;off&#8221; parallax_method=&#8221;off&#8221;][et_pb_image src=&#8221;http:\/\/womenstales.com\/wp-content\/uploads\/2015\/05\/Mar%C3%ADa-Casado-Villanueva_w.jpg&#8221; show_in_lightbox=&#8221;off&#8221; url_new_window=&#8221;off&#8221; use_overlay=&#8221;off&#8221; sticky=&#8221;off&#8221; align=&#8221;center&#8221; max_width=&#8221;250px&#8221; force_fullwidth=&#8221;off&#8221; always_center_on_mobile=&#8221;on&#8221; admin_label=&#8221;Foto Maria Casado-Villanueva&#8221; use_border_color=&#8221;off&#8221; border_color=&#8221;#ba75b0&#8243; border_width=&#8221;3px&#8221; border_style=&#8221;solid&#8221; disabled=&#8221;off&#8221;] [\/et_pb_image][\/et_pb_column][et_pb_column type=&#8221;3_4&#8243; specialty_columns=&#8221;3&#8243; disabled=&#8221;off&#8221; parallax=&#8221;off&#8221; parallax_method=&#8221;off&#8221;][et_pb_row_inner padding_mobile=&#8221;off&#8221; use_custom_gutter=&#8221;off&#8221; make_equal=&#8221;off&#8221; column_padding_mobile=&#8221;off&#8221; parallax_1=&#8221;off&#8221; parallax_method_1=&#8221;on&#8221; parallax_2=&#8221;off&#8221; parallax_method_2=&#8221;on&#8221; parallax_3=&#8221;off&#8221; parallax_method_3=&#8221;on&#8221; admin_label=&#8221;Row&#8221; disabled=&#8221;off&#8221;][et_pb_column_inner type=&#8221;4_4&#8243; saved_specialty_column_type=&#8221;3_4&#8243; disabled=&#8221;off&#8221; column_padding_mobile=&#8221;off&#8221; parallax=&#8221;off&#8221; parallax_method=&#8221;on&#8221;][et_pb_text background_layout=&#8221;light&#8221; text_orientation=&#8221;left&#8221; admin_label=&#8221;Dr. Carmen Lara-Rallo&#8221; use_border_color=&#8221;off&#8221; border_style=&#8221;solid&#8221; disabled=&#8221;off&#8221;]<\/p>\n<h1>Dr. Maria Casado-Villanueva<\/h1>\n<p>[\/et_pb_text][et_pb_text background_layout=&#8221;light&#8221; text_orientation=&#8221;justified&#8221; admin_label=&#8221;Text&#8221; use_border_color=&#8221;off&#8221; border_style=&#8221;solid&#8221; disabled=&#8221;off&#8221;]<\/p>\n<p><span style=\"color: #808080;\">Casado-Villanuevo is <span style=\"color: #ba75b0;\">Lecturer in English<\/span> at the Faculty of Humanities and Education of <\/span><span style=\"color: #ba75b0;\">University College of Southeast Norway<\/span><span style=\"color: #808080;\">. She is currently working on the politics and poetics of Scottish author Ali Smith as reflected in her short fiction. <br \/><\/span><\/p>\n<p>[\/et_pb_text][et_pb_text background_layout=&#8221;light&#8221; text_orientation=&#8221;left&#8221; admin_label=&#8221;Research interests&#8221; use_border_color=&#8221;off&#8221; border_style=&#8221;solid&#8221; disabled=&#8221;off&#8221;] <span style=\"color: #808080;\"><span style=\"color: #ba75b0;\">Research interests<\/span>:\u00a0the short story; fairy tale; modernism; postmodernism; postcolonial literature.<\/span> [\/et_pb_text][\/et_pb_column_inner][\/et_pb_row_inner][\/et_pb_column][\/et_pb_section][et_pb_section transparent_background=&#8221;off&#8221; allow_player_pause=&#8221;off&#8221; inner_shadow=&#8221;off&#8221; parallax=&#8221;off&#8221; parallax_method=&#8221;on&#8221; padding_mobile=&#8221;off&#8221; make_fullwidth=&#8221;off&#8221; use_custom_width=&#8221;off&#8221; width_unit=&#8221;off&#8221; custom_width_px=&#8221;1080px&#8221; custom_width_percent=&#8221;80%&#8221; make_equal=&#8221;off&#8221; use_custom_gutter=&#8221;off&#8221; fullwidth=&#8221;off&#8221; specialty=&#8221;off&#8221; admin_label=&#8221;section&#8221; disabled=&#8221;off&#8221;][et_pb_row make_fullwidth=&#8221;off&#8221; use_custom_width=&#8221;off&#8221; width_unit=&#8221;off&#8221; custom_width_px=&#8221;1080px&#8221; custom_width_percent=&#8221;80%&#8221; use_custom_gutter=&#8221;off&#8221; gutter_width=&#8221;3&#8243; padding_mobile=&#8221;off&#8221; allow_player_pause=&#8221;off&#8221; parallax=&#8221;off&#8221; parallax_method=&#8221;on&#8221; make_equal=&#8221;off&#8221; column_padding_mobile=&#8221;on&#8221; parallax_1=&#8221;off&#8221; parallax_method_1=&#8221;on&#8221; parallax_2=&#8221;off&#8221; parallax_method_2=&#8221;on&#8221; parallax_3=&#8221;off&#8221; parallax_method_3=&#8221;on&#8221; parallax_4=&#8221;off&#8221; parallax_method_4=&#8221;on&#8221; admin_label=&#8221;row&#8221; disabled=&#8221;off&#8221;][et_pb_column type=&#8221;4_4&#8243; disabled=&#8221;off&#8221; parallax=&#8221;off&#8221; parallax_method=&#8221;on&#8221; column_padding_mobile=&#8221;on&#8221;][et_pb_text background_layout=&#8221;light&#8221; text_orientation=&#8221;left&#8221; admin_label=&#8221;Publications&#8221; use_border_color=&#8221;off&#8221; border_style=&#8221;solid&#8221; disabled=&#8221;off&#8221;]<\/p>\n<h1 class=\"western\" lang=\"en-GB\" style=\"text-align: center;\"><span style=\"color: #ba75b0;\">Publications<\/span><\/h1>\n<p>[\/et_pb_text][et_pb_text background_layout=&#8221;light&#8221; text_orientation=&#8221;justified&#8221; admin_label=&#8221;Text&#8221; text_text_color=&#8221;#000000&#8243; use_border_color=&#8221;off&#8221; border_style=&#8221;solid&#8221; disabled=&#8221;off&#8221;]<\/p>\n<p><span style=\"color: #808080;\">2012. \u201cThe Little Red Governess: Mansfield and the demythologisation of the motif of Little Red Riding Hood in \u2018The Little Governess\u2019\u201d in Gina Wisker, ed., <em>Katherine Mansfield\u2019s Studies<\/em> 4 ( Edinburgh UP, Oct 2012).<\/span><\/p>\n<\/p>\n<p><span style=\"color: #808080;\">2012. \u201cFlying off Tangents: Katherine Mansfield\u2019s Short Stories\u201d, in Laura M\u00aa Lojo Rodr\u00edguez, ed. <em>Moving Across a Century: Women\u2019s Short Fiction from Virginia Woolf to Ali Smith<\/em>. Bern: Peter Lang Publishing, 2012, 29\u201354.<\/span><\/p>\n<\/p>\n<p><span style=\"color: #808080;\">2011. \u201cTerrible Absences, Horrible Presences: Phantasmagorias of Childhood in the British Modernist and Postmodernist Short Story\u201d in Lee Baxter and Paula Br\u0103escu, eds., <em>Fear within Melting Boundaries<\/em>. Oxford: Interdisciplinary Press, 2011, 21\u201328.<\/span><\/p>\n<\/p>\n<p><span style=\"color: #808080;\">2011. \u201cModernism and the Disenchantments of Modernity in \u2018The Rocking Horse Winner\u2019 and \u2018A Suburban Fairy Tale\u2019\u201d in Catriona McAra and David Calvin, eds., <em>Anti-tales: The uses of Disenchantment<\/em>. Cambridge Scholars Publishing, 2011.<\/span><\/p>\n<p><span style=\"color: #808080;\">2010. &#8220;Toerizando sobre el relato breve: tres contribuciones a la cr\u00edtica de g\u00e9nero&#8221;. <em>Bolet\u00edn Galego de Literatura<\/em>, 43: 121-131. <\/span><\/p>\n<p>[\/et_pb_text][\/et_pb_column][\/et_pb_row][\/et_pb_section]<\/p>\n","protected":false},"excerpt":{"rendered":"<p>Dr. Maria Casado-Villanueva Casado-Villanuevo is Lecturer in English at the Faculty of Humanities and Education of University College of Southeast Norway. She is currently working on the politics and poetics of Scottish author Ali Smith as reflected in her short fiction. Research interests:\u00a0the short story; fairy tale; modernism; postmodernism; postcolonial literature. Publications 2012. \u201cThe Little [&hellip;]<\/p>\n","protected":false},"author":1,"featured_media":0,"parent":0,"menu_order":0,"comment_status":"closed","ping_status":"closed","template":"","meta":{"_et_pb_use_builder":"on","_et_pb_old_content":"","_et_gb_content_width":"","footnotes":""},"class_list":["post-218","page","type-page","status-publish","hentry"],"_links":{"self":[{"href":"https:\/\/womenstales.com\/index.php?rest_route=\/wp\/v2\/pages\/218","targetHints":{"allow":["GET"]}}],"collection":[{"href":"https:\/\/womenstales.com\/index.php?rest_route=\/wp\/v2\/pages"}],"about":[{"href":"https:\/\/womenstales.com\/index.php?rest_route=\/wp\/v2\/types\/page"}],"author":[{"embeddable":true,"href":"https:\/\/womenstales.com\/index.php?rest_route=\/wp\/v2\/users\/1"}],"replies":[{"embeddable":true,"href":"https:\/\/womenstales.com\/index.php?rest_route=%2Fwp%2Fv2%2Fcomments&post=218"}],"version-history":[{"count":25,"href":"https:\/\/womenstales.com\/index.php?rest_route=\/wp\/v2\/pages\/218\/revisions"}],"predecessor-version":[{"id":551,"href":"https:\/\/womenstales.com\/index.php?rest_route=\/wp\/v2\/pages\/218\/revisions\/551"}],"wp:attachment":[{"href":"https:\/\/womenstales.com\/index.php?rest_route=%2Fwp%2Fv2%2Fmedia&parent=218"}],"curies":[{"name":"wp","href":"https:\/\/api.w.org\/{rel}","templated":true}]}}