{"id":72,"date":"2015-05-03T13:32:25","date_gmt":"2015-05-03T11:32:25","guid":{"rendered":"http:\/\/womenstales.com\/?page_id=72"},"modified":"2017-02-14T12:52:06","modified_gmt":"2017-02-14T11:52:06","slug":"members","status":"publish","type":"page","link":"https:\/\/womenstales.com\/?page_id=72","title":{"rendered":"Team"},"content":{"rendered":"<p>[et_pb_section admin_label=&#8221;section&#8221; transparent_background=&#8221;off&#8221; background_color=&#8221;#ffffff&#8221; allow_player_pause=&#8221;off&#8221; inner_shadow=&#8221;off&#8221; parallax=&#8221;off&#8221; parallax_method=&#8221;off&#8221;][et_pb_row admin_label=&#8221;row&#8221;][et_pb_column type=&#8221;1_3&#8243;][et_pb_image admin_label=&#8221;Jorge Sacido (FOTO)&#8221; src=&#8221;http:\/\/womenstales.com\/wp-content\/uploads\/2015\/05\/Jorge_Sacido1.jpg&#8221; animation=&#8221;left&#8221; show_in_lightbox=&#8221;off&#8221; url_new_window=&#8221;off&#8221; sticky=&#8221;off&#8221; url=&#8221;http:\/\/womenstales.com\/?page_id=308&#8243; use_overlay=&#8221;off&#8221; align=&#8221;center&#8221; max_width=&#8221;200px&#8221; force_fullwidth=&#8221;off&#8221; always_center_on_mobile=&#8221;on&#8221; use_border_color=&#8221;off&#8221; border_color=&#8221;#ffffff&#8221; border_style=&#8221;solid&#8221;] [\/et_pb_image][et_pb_text admin_label=&#8221;Jorge Sacido&#8221; background_layout=&#8221;light&#8221; text_orientation=&#8221;left&#8221; use_border_color=&#8221;off&#8221; border_color=&#8221;#ffffff&#8221; border_style=&#8221;solid&#8221;]<\/p>\n<h2 style=\"text-align: center;\"><span style=\"color: #333333;\"><a style=\"color: #333333;\" href=\"http:\/\/womenstales.com\/?page_id=308\">Jorge Sacido-Romero<\/a><\/span><\/h2>\n<p style=\"text-align: center;\">Project Supervisor.<br \/>\nUniversity of Santiago de Compostela, Spain.<\/p>\n<p style=\"text-align: center;\"><span style=\"color: #999999;\">Research interests:\u00a0the short story; gender studies; psychoanalysis; voice studies; ideology.<\/span><\/p>\n<p>[\/et_pb_text][\/et_pb_column][et_pb_column type=&#8221;1_3&#8243;][et_pb_image admin_label=&#8221;Laura Lojo (FOTO)&#8221; src=&#8221;http:\/\/womenstales.com\/wp-content\/uploads\/2015\/05\/Laura_Lojo.jpg&#8221; animation=&#8221;top&#8221; show_in_lightbox=&#8221;off&#8221; url_new_window=&#8221;off&#8221; sticky=&#8221;off&#8221; url=&#8221;http:\/\/womenstales.com\/?page_id=160&#8243; use_overlay=&#8221;off&#8221; align=&#8221;center&#8221; max_width=&#8221;200px&#8221; force_fullwidth=&#8221;off&#8221; always_center_on_mobile=&#8221;on&#8221; use_border_color=&#8221;off&#8221; border_color=&#8221;#ffffff&#8221; border_style=&#8221;solid&#8221;] [\/et_pb_image][et_pb_text admin_label=&#8221;Laura Lojo&#8221; background_layout=&#8221;light&#8221; text_orientation=&#8221;left&#8221; use_border_color=&#8221;off&#8221; border_color=&#8221;#ffffff&#8221; border_style=&#8221;solid&#8221;]<\/p>\n<h2 style=\"text-align: center;\"><span style=\"color: #333333;\"><a style=\"color: #333333;\" href=\"http:\/\/womenstales.com\/?page_id=160\">Laura Mar\u00eda Lojo-Rodr\u00edguez<\/a><\/span><\/h2>\n<p style=\"text-align: center;\">University of Santiago de Compostela, Spain.<\/p>\n<p>[\/et_pb_text][\/et_pb_column][et_pb_column type=&#8221;1_3&#8243;][et_pb_image admin_label=&#8221;Carmen M\u00aa Rallo (FOTO)&#8221; src=&#8221;http:\/\/womenstales.com\/wp-content\/uploads\/2015\/07\/Carmen-Lara-Rallo500x500.jpg&#8221; animation=&#8221;right&#8221; show_in_lightbox=&#8221;off&#8221; url_new_window=&#8221;off&#8221; sticky=&#8221;off&#8221; align=&#8221;center&#8221; force_fullwidth=&#8221;off&#8221; always_center_on_mobile=&#8221;on&#8221; use_border_color=&#8221;off&#8221; border_color=&#8221;#ffffff&#8221; border_style=&#8221;solid&#8221; url=&#8221;http:\/\/womenstales.com\/?page_id=345&#8243; use_overlay=&#8221;off&#8221; max_width=&#8221;200px&#8221;] [\/et_pb_image][et_pb_text admin_label=&#8221;Carmen M\u00aa Rallo&#8221; background_layout=&#8221;light&#8221; text_orientation=&#8221;left&#8221; use_border_color=&#8221;off&#8221; border_color=&#8221;#ffffff&#8221; border_style=&#8221;solid&#8221;]<\/p>\n<h2 style=\"text-align: center;\"><span style=\"color: #333333;\"><a style=\"color: #333333;\" href=\"http:\/\/womenstales.com\/?page_id=345\">Carmen Mar\u00eda Lara Rallo<\/a><\/span><\/h2>\n<p style=\"text-align: center;\">University of M\u00e1laga, Spain.<\/p>\n<p style=\"text-align: center;\">Research interests: contemporary British fiction; short story; critical theory; comparative literature.<\/p>\n<p>[\/et_pb_text][\/et_pb_column][\/et_pb_row][et_pb_row admin_label=&#8221;row&#8221;][et_pb_column type=&#8221;1_3&#8243;][et_pb_image admin_label=&#8221;Isabel M\u00aa Andr\u00e9s (FOTO)&#8221; src=&#8221;http:\/\/womenstales.com\/wp-content\/uploads\/2015\/05\/2-2.jpg&#8221; animation=&#8221;right&#8221; show_in_lightbox=&#8221;off&#8221; url_new_window=&#8221;off&#8221; sticky=&#8221;off&#8221; url=&#8221;http:\/\/womenstales.com\/?page_id=358&#8243; align=&#8221;center&#8221; force_fullwidth=&#8221;off&#8221; always_center_on_mobile=&#8221;on&#8221; use_border_color=&#8221;off&#8221; border_color=&#8221;#ffffff&#8221; border_style=&#8221;solid&#8221; use_overlay=&#8221;off&#8221; max_width=&#8221;200px&#8221;] [\/et_pb_image][et_pb_text admin_label=&#8221;Isabel M\u00aa Andr\u00e9s&#8221; background_layout=&#8221;light&#8221; text_orientation=&#8221;left&#8221; use_border_color=&#8221;off&#8221; border_color=&#8221;#ffffff&#8221; border_style=&#8221;solid&#8221;]<\/p>\n<h2 style=\"text-align: center;\"><span style=\"color: #333333;\"><a style=\"color: #333333;\" href=\"http:\/\/womenstales.com\/?page_id=358\">Isabel Mar\u00eda Andr\u00e9s Cuevas<\/a><\/span><\/h2>\n<p style=\"text-align: center;\">University of Granada, Spain.<\/p>\n<p style=\"text-align: center;\">Research interests: the short story; gender studies; Modernism; women\u2019s fiction; carnival theory.<\/p>\n<p>[\/et_pb_text][\/et_pb_column][et_pb_column type=&#8221;1_3&#8243;][et_pb_image admin_label=&#8221;Paul Andrew (FOTO)&#8221; src=&#8221;http:\/\/womenstales.com\/wp-content\/uploads\/2015\/05\/Paul-March-Russel.jpg&#8221; animation=&#8221;right&#8221; show_in_lightbox=&#8221;off&#8221; url_new_window=&#8221;off&#8221; sticky=&#8221;off&#8221; url=&#8221;http:\/\/womenstales.com\/?page_id=279&#8243; use_overlay=&#8221;off&#8221; align=&#8221;center&#8221; max_width=&#8221;200px&#8221; force_fullwidth=&#8221;off&#8221; always_center_on_mobile=&#8221;on&#8221; use_border_color=&#8221;off&#8221; border_color=&#8221;#ffffff&#8221; border_style=&#8221;solid&#8221;] [\/et_pb_image][et_pb_text admin_label=&#8221;Paul Andrew&#8221; background_layout=&#8221;light&#8221; text_orientation=&#8221;left&#8221; use_border_color=&#8221;off&#8221; border_color=&#8221;#ffffff&#8221; border_style=&#8221;solid&#8221;]<\/p>\n<h2 style=\"text-align: center;\"><span style=\"color: #333333;\"><a style=\"color: #333333;\" href=\"http:\/\/womenstales.com\/?page_id=279\">Paul Andrew March-Russell<\/a><\/span><\/h2>\n<p style=\"text-align: center;\">University of Kent, United Kingdom.<\/p>\n<p style=\"text-align: center;\">Research interests: the short story; science fiction; modern poetry; Neo-Romanticism.<\/p>\n<p>[\/et_pb_text][\/et_pb_column][et_pb_column type=&#8221;1_3&#8243;][et_pb_image admin_label=&#8221;Sylvia Mieszkowski (FOTO)&#8221; src=&#8221;http:\/\/womenstales.com\/wp-content\/uploads\/2015\/05\/Sylvia_Mieszkowski.jpg&#8221; animation=&#8221;right&#8221; show_in_lightbox=&#8221;off&#8221; url_new_window=&#8221;off&#8221; sticky=&#8221;off&#8221; url=&#8221;http:\/\/womenstales.com\/?page_id=237&#8243; use_overlay=&#8221;off&#8221; align=&#8221;center&#8221; max_width=&#8221;200px&#8221; force_fullwidth=&#8221;off&#8221; always_center_on_mobile=&#8221;on&#8221; use_border_color=&#8221;off&#8221; border_color=&#8221;#ffffff&#8221; border_style=&#8221;solid&#8221;] [\/et_pb_image][et_pb_text admin_label=&#8221;Sylvia Mieszkowski&#8221; background_layout=&#8221;light&#8221; text_orientation=&#8221;left&#8221; use_border_color=&#8221;off&#8221; border_color=&#8221;#ffffff&#8221; border_style=&#8221;solid&#8221;]<\/p>\n<h2 style=\"text-align: center;\"><span style=\"color: #333333;\"><a style=\"color: #333333;\" href=\"http:\/\/womenstales.com\/?page_id=237\">Sylvia Mieszkowski<\/a><\/span><\/h2>\n<p style=\"text-align: center;\">Bayreuth University, Germany.<\/p>\n<p style=\"text-align: center;\">Research Interest:\u00a0contemporary short story; (Neo-) Victorian fiction; Jacobean drama; narrative seriality; gender studies, queer theory; cultural analysis.<\/p>\n<p>[\/et_pb_text][\/et_pb_column][\/et_pb_row][et_pb_row admin_label=&#8221;row&#8221;][et_pb_column type=&#8221;1_3&#8243;][et_pb_image admin_label=&#8221;Mar\u00eda Casado-Villanueva (FOTO)&#8221; src=&#8221;http:\/\/womenstales.com\/wp-content\/uploads\/2015\/05\/Mar\u00eda-Casado-Villanueva_w.jpg&#8221; animation=&#8221;right&#8221; show_in_lightbox=&#8221;off&#8221; url_new_window=&#8221;off&#8221; sticky=&#8221;off&#8221; url=&#8221;http:\/\/womenstales.com\/?page_id=218&#8243; use_overlay=&#8221;off&#8221; align=&#8221;center&#8221; max_width=&#8221;200px&#8221; force_fullwidth=&#8221;off&#8221; always_center_on_mobile=&#8221;on&#8221; use_border_color=&#8221;off&#8221; border_color=&#8221;#ffffff&#8221; border_style=&#8221;solid&#8221;] [\/et_pb_image][et_pb_text admin_label=&#8221;Mar\u00eda Casado-Villanueva&#8221; background_layout=&#8221;light&#8221; text_orientation=&#8221;left&#8221; use_border_color=&#8221;off&#8221; border_color=&#8221;#ffffff&#8221; border_style=&#8221;solid&#8221;]<\/p>\n<p>&nbsp;<\/p>\n<h2 style=\"text-align: center;\"><span style=\"color: #333333;\"><a style=\"color: #333333;\" href=\"http:\/\/womenstales.com\/?page_id=218\">Mar\u00eda Casado-Villanueva<\/a><\/span><\/h2>\n<p style=\"text-align: center;\">University of\u00a0H\u00f8gskolen i Buskerud og Vestfold,\u00a0Norway.<\/p>\n<p style=\"text-align: center;\">Research interests: the short story; fairy tale; modernism; postmodernism; postcolonial literature.<\/p>\n<p>&nbsp;<\/p>\n<p>[\/et_pb_text][\/et_pb_column][et_pb_column type=&#8221;1_3&#8243;][et_pb_image admin_label=&#8221;Laura Torres Z\u00fa\u00f1iga (FOTO)&#8221; src=&#8221;http:\/\/womenstales.com\/wp-content\/uploads\/2015\/05\/Laura-Torres-Z\u00fa\u00f1iga.jpg&#8221; animation=&#8221;right&#8221; show_in_lightbox=&#8221;off&#8221; url_new_window=&#8221;off&#8221; sticky=&#8221;off&#8221; url=&#8221;http:\/\/womenstales.com\/?page_id=263&#8243; use_overlay=&#8221;off&#8221; align=&#8221;center&#8221; max_width=&#8221;200px&#8221; force_fullwidth=&#8221;off&#8221; always_center_on_mobile=&#8221;on&#8221; use_border_color=&#8221;off&#8221; border_color=&#8221;#ffffff&#8221; border_style=&#8221;solid&#8221;] [\/et_pb_image][et_pb_text admin_label=&#8221;Mar\u00eda Casado-Villanueva&#8221; background_layout=&#8221;light&#8221; text_orientation=&#8221;left&#8221; use_border_color=&#8221;off&#8221; border_color=&#8221;#ffffff&#8221; border_style=&#8221;solid&#8221;]<\/p>\n<p>&nbsp;<\/p>\n<h2 style=\"text-align: center;\"><span style=\"color: #333333;\"><a style=\"color: #333333;\" href=\"http:\/\/womenstales.com\/?page_id=218\">Laura Torres Z\u00fa\u00f1iga<\/a><\/span><\/h2>\n<p style=\"text-align: center;\">Catholic University of Murcia, Spain<\/p>\n<p style=\"text-align: center;\">Research interests: short story, cultural studies, psychoanalysis, women&#8217;s studies, drama.<\/p>\n<p>[\/et_pb_text][\/et_pb_column][et_pb_column type=&#8221;1_3&#8243;][\/et_pb_column][\/et_pb_row][\/et_pb_section]<\/p>\n","protected":false},"excerpt":{"rendered":"<p>Jorge Sacido-Romero Project Supervisor. University of Santiago de Compostela, Spain. Research interests:\u00a0the short story; gender studies; psychoanalysis; voice studies; ideology. Laura Mar\u00eda Lojo-Rodr\u00edguez University of Santiago de Compostela, Spain. Carmen Mar\u00eda Lara Rallo University of M\u00e1laga, Spain. Research interests: contemporary British fiction; short story; critical theory; comparative literature. Isabel Mar\u00eda Andr\u00e9s Cuevas University of Granada, [&hellip;]<\/p>\n","protected":false},"author":1,"featured_media":0,"parent":0,"menu_order":0,"comment_status":"closed","ping_status":"open","template":"","meta":{"_et_pb_use_builder":"on","_et_pb_old_content":"","_et_gb_content_width":"","footnotes":""},"class_list":["post-72","page","type-page","status-publish","hentry"],"_links":{"self":[{"href":"https:\/\/womenstales.com\/index.php?rest_route=\/wp\/v2\/pages\/72","targetHints":{"allow":["GET"]}}],"collection":[{"href":"https:\/\/womenstales.com\/index.php?rest_route=\/wp\/v2\/pages"}],"about":[{"href":"https:\/\/womenstales.com\/index.php?rest_route=\/wp\/v2\/types\/page"}],"author":[{"embeddable":true,"href":"https:\/\/womenstales.com\/index.php?rest_route=\/wp\/v2\/users\/1"}],"replies":[{"embeddable":true,"href":"https:\/\/womenstales.com\/index.php?rest_route=%2Fwp%2Fv2%2Fcomments&post=72"}],"version-history":[{"count":50,"href":"https:\/\/womenstales.com\/index.php?rest_route=\/wp\/v2\/pages\/72\/revisions"}],"predecessor-version":[{"id":474,"href":"https:\/\/womenstales.com\/index.php?rest_route=\/wp\/v2\/pages\/72\/revisions\/474"}],"wp:attachment":[{"href":"https:\/\/womenstales.com\/index.php?rest_route=%2Fwp%2Fv2%2Fmedia&parent=72"}],"curies":[{"name":"wp","href":"https:\/\/api.w.org\/{rel}","templated":true}]}}